{"id":595,"date":"2026-03-25T10:17:07","date_gmt":"2026-03-25T09:17:07","guid":{"rendered":"https:\/\/mbm-avocat.com\/?page_id=595"},"modified":"2026-03-25T10:55:44","modified_gmt":"2026-03-25T09:55:44","slug":"droit-des-etrangers","status":"publish","type":"page","link":"https:\/\/mbm-avocat.com\/ar\/droit-des-etrangers\/","title":{"rendered":"Droit des \u00e9trangers"},"content":{"rendered":"<h2 class=\"wp-block-heading\">Droit des \u00e9trangers<\/h2>\n\n<p>Le droit des \u00e9trangers constitue la r\u00e9glementation qui organise l\u2019entr\u00e9e des ressortissants \u00e9trangers sur le territoire fran\u00e7ais, mais aussi leur s\u00e9jour et leur \u00e9loignement.<\/p>\n\n<p>MBM Avocat vous apporte conseil, assistance et d\u00e9fense, et ce notamment dans les mati\u00e8res suivantes :<\/p>\n\n<ul class=\"wp-block-list\">\n<li>D\u00e9marches pour entrer en France<br \/>\u2013 Recours contre une d\u00e9cision de refus de visa<br \/>\u2013 Recours contre une d\u00e9cision de refus d\u2019entr\u00e9e sur le territoire national<br \/>\u2013 Recours contre une d\u00e9cision de maintien en zone d\u2019attente<\/li>\n\n<li>D\u00e9marches aupr\u00e8s de la Pr\u00e9fecture pour obtenir un titre de s\u00e9jour (demande de titre de s\u00e9jour, demande de renouvellement de titre de s\u00e9jour, demande de changement de statut)<\/li>\n\n<li>D\u00e9marches aupr\u00e8s de la Pr\u00e9fecture pour obtenir le droit de travailler en France<\/li>\n\n<li>D\u00e9marches pour demander la nationalit\u00e9 fran\u00e7aise<br \/>\u2013 Attribution par filiation<br \/>\u2013 Attribution li\u00e9e \u00e0 la naissance sur le sol fran\u00e7ais<br \/>\u2013 Acquisition par naissance et r\u00e9sidence en France<br \/>\u2013 Acquisition par mariage<br \/>\u2013 Acquisition par d\u00e9claration<br \/>\u2013 Acquisition par naturalisation<br \/>\u2013 R\u00e9int\u00e9gration dans la nationalit\u00e9 fran\u00e7aise<\/li>\n\n<li>Recours devant les Tribunaux Administratifs et les Cours Administratives d\u2019Appel pour contester une mesure d\u2019\u00e9loignement<br \/>\u2013 Recours \u00e0 l\u2019encontre d\u2019un arr\u00eat\u00e9 de refus de s\u00e9jour assorti d\u2019une obligation de quitter le territoire<br \/>\u2013 Recours \u00e0 l\u2019encontre d\u2019une mesure de reconduite \u00e0 la fronti\u00e8re<br \/>\u2013 Recours \u00e0 l\u2019encontre d\u2019une mesure d\u2019expulsion<br \/>\u2013 Recours \u00e0 l\u2019encontre d\u2019une mesure d\u2019assignation \u00e0 r\u00e9sidence<\/li>\n\n<li>Recours \u00e0 l\u2019encontre d\u2019une mesure de placement en r\u00e9tention administrative devant le juge des libert\u00e9s et de la d\u00e9tention<\/li>\n<\/ul>\n\n<p>\u00a0<\/p>\n\n<figure><img fetchpriority=\"high\" decoding=\"async\" src=\"http:\/\/mbm-avocat.com\/wp-content\/uploads\/2026\/03\/Loi-sur-limmigration-en-Europe-300x200.png\" alt=\"\" width=\"300\" height=\"200\" \/><\/figure>\n\n<h2 class=\"wp-block-heading\">\u00a0<\/h2>\n<h2>\u00a0<\/h2>\n<h2>\u00a0<\/h2>\n<h2>\u00a0<\/h2>\n<h2>\u0627\u0644\u0642\u0627\u0646\u0648\u0646 \u0627\u0644\u0631\u0642\u0645\u064a<\/h2>\n\n<p><a href=\"https:\/\/mbm-avocat.com\/ar\/droit-du-numerique\/\">\u0627\u0643\u062a\u0634\u0641 \u0627\u0644\u0645\u0632\u064a\u062f<\/a><br \/><img decoding=\"async\" src=\"http:\/\/mbm-avocat.com\/wp-content\/uploads\/2024\/10\/handshake.png\" srcset=\"https:\/\/mbm-avocat.com\/wp-content\/uploads\/2024\/10\/handshake.png 256w, https:\/\/mbm-avocat.com\/wp-content\/uploads\/2024\/10\/handshake-150x150.png 150w\" alt=\"\" width=\"256\" height=\"256\" \/><\/p>\n\n<h2 class=\"wp-block-heading\">\u0642\u0627\u0646\u0648\u0646 \u0627\u0644\u0631\u064a\u0627\u0636\u0629<\/h2>\n\n<p><a href=\"https:\/\/mbm-avocat.com\/ar\/droit-du-sport\/\">\u0627\u0643\u062a\u0634\u0641 \u0627\u0644\u0645\u0632\u064a\u062f<\/a><\/p>","protected":false},"excerpt":{"rendered":"<p>Droit des \u00e9trangers Le droit des \u00e9trangers constitue la r\u00e9glementation qui organise l\u2019entr\u00e9e des ressortissants \u00e9trangers sur le territoire fran\u00e7ais, mais aussi leur s\u00e9jour et leur \u00e9loignement. MBM Avocat vous apporte conseil, assistance et d\u00e9fense, et ce notamment dans les mati\u00e8res suivantes : \u00a0 \u00a0 \u00a0 \u00a0 \u00a0 Droit Du Num\u00e9rique En savoir plus Droit [&hellip;]<\/p>","protected":false},"author":1,"featured_media":0,"parent":0,"menu_order":0,"comment_status":"closed","ping_status":"closed","template":"","meta":{"footnotes":""},"class_list":["post-595","page","type-page","status-publish","hentry"],"_links":{"self":[{"href":"https:\/\/mbm-avocat.com\/ar\/wp-json\/wp\/v2\/pages\/595","targetHints":{"allow":["GET"]}}],"collection":[{"href":"https:\/\/mbm-avocat.com\/ar\/wp-json\/wp\/v2\/pages"}],"about":[{"href":"https:\/\/mbm-avocat.com\/ar\/wp-json\/wp\/v2\/types\/page"}],"author":[{"embeddable":true,"href":"https:\/\/mbm-avocat.com\/ar\/wp-json\/wp\/v2\/users\/1"}],"replies":[{"embeddable":true,"href":"https:\/\/mbm-avocat.com\/ar\/wp-json\/wp\/v2\/comments?post=595"}],"version-history":[{"count":4,"href":"https:\/\/mbm-avocat.com\/ar\/wp-json\/wp\/v2\/pages\/595\/revisions"}],"predecessor-version":[{"id":602,"href":"https:\/\/mbm-avocat.com\/ar\/wp-json\/wp\/v2\/pages\/595\/revisions\/602"}],"wp:attachment":[{"href":"https:\/\/mbm-avocat.com\/ar\/wp-json\/wp\/v2\/media?parent=595"}],"curies":[{"name":"wp","href":"https:\/\/api.w.org\/{rel}","templated":true}]}}